{"id":2317,"date":"2023-10-05T07:48:10","date_gmt":"2023-10-05T07:48:10","guid":{"rendered":"https:\/\/madera.airmatic.es\/treballa-amb-nosaltres\/"},"modified":"2026-03-04T08:21:49","modified_gmt":"2026-03-04T08:21:49","slug":"treballa-amb-nosaltres","status":"publish","type":"page","link":"https:\/\/madera.airmatic.es\/ca\/treballa-amb-nosaltres\/","title":{"rendered":"Treballa amb nosaltres"},"content":{"rendered":"\t\t<div data-elementor-type=\"wp-page\" data-elementor-id=\"2317\" class=\"elementor elementor-2317 elementor-1735\" data-elementor-post-type=\"page\">\n\t\t\t\t<div class=\"elementor-element elementor-element-e26552c elementor-hidden-mobile e-flex e-con-boxed e-con e-parent\" data-id=\"e26552c\" data-element_type=\"container\" data-e-type=\"container\" data-settings=\"{&quot;background_background&quot;:&quot;classic&quot;}\">\n\t\t\t\t\t<div class=\"e-con-inner\">\n\t\t\t\t\t<\/div>\n\t\t\t\t<\/div>\n\t\t<div class=\"elementor-element elementor-element-1890881 e-flex e-con-boxed e-con e-parent\" data-id=\"1890881\" data-element_type=\"container\" data-e-type=\"container\">\n\t\t\t\t\t<div class=\"e-con-inner\">\n\t\t\t\t<div class=\"elementor-element elementor-element-210483f elementor-widget elementor-widget-heading\" data-id=\"210483f\" data-element_type=\"widget\" data-e-type=\"widget\" data-widget_type=\"heading.default\">\n\t\t\t\t<div class=\"elementor-widget-container\">\n\t\t\t\t\t<h1 class=\"elementor-heading-title elementor-size-default\">Treballa amb nosaltres<\/h1>\t\t\t\t<\/div>\n\t\t\t\t<\/div>\n\t\t\t\t<div class=\"elementor-element elementor-element-9209215 elementor-widget elementor-widget-heading\" data-id=\"9209215\" data-element_type=\"widget\" data-e-type=\"widget\" data-widget_type=\"heading.default\">\n\t\t\t\t<div class=\"elementor-widget-container\">\n\t\t\t\t\t<p class=\"elementor-heading-title elementor-size-default\">Qu\u00e8 Busquem?<\/p>\t\t\t\t<\/div>\n\t\t\t\t<\/div>\n\t\t\t\t<div class=\"elementor-element elementor-element-52cba4c elementor-widget elementor-widget-text-editor\" data-id=\"52cba4c\" data-element_type=\"widget\" data-e-type=\"widget\" data-settings=\"{&quot;_animation&quot;:&quot;none&quot;,&quot;_animation_mobile&quot;:&quot;none&quot;}\" data-widget_type=\"text-editor.default\">\n\t\t\t\t<div class=\"elementor-widget-container\">\n\t\t\t\t\t\t\t\t\tEn Airmatic, busquem persones amb passi\u00f3 i capacitat d\u2019aprenentatge i adaptaci\u00f3, capaces d\u2019evolucionar en un entorn canviant. Si tens una orientaci\u00f3 al client i vols superar expectatives, ets el candidat ideal per al nostre equip. \t\t\t\t\t\t\t\t<\/div>\n\t\t\t\t<\/div>\n\t\t\t\t<div class=\"elementor-element elementor-element-e2cae44 elementor-widget elementor-widget-heading\" data-id=\"e2cae44\" data-element_type=\"widget\" data-e-type=\"widget\" data-widget_type=\"heading.default\">\n\t\t\t\t<div class=\"elementor-widget-container\">\n\t\t\t\t\t<p class=\"elementor-heading-title elementor-size-default\">Qu\u00e8 oferim?<\/p>\t\t\t\t<\/div>\n\t\t\t\t<\/div>\n\t\t\t\t<div class=\"elementor-element elementor-element-23834d6 elementor-widget elementor-widget-text-editor\" data-id=\"23834d6\" data-element_type=\"widget\" data-e-type=\"widget\" data-settings=\"{&quot;_animation&quot;:&quot;none&quot;,&quot;_animation_mobile&quot;:&quot;none&quot;}\" data-widget_type=\"text-editor.default\">\n\t\t\t\t<div class=\"elementor-widget-container\">\n\t\t\t\t\t\t\t\t\t<p>Proporcionem un entorn de treball din\u00e0mic i col\u00b7laboratiu que prioritza el respecte i la cooperaci\u00f3. Ens centrem en el desenvolupament i creixement professional, aspirant a assolir junts nous \u00e8xits i mantenir la nostra posici\u00f3 de lideratge en el sector. <\/p>\t\t\t\t\t\t\t\t<\/div>\n\t\t\t\t<\/div>\n\t\t<div class=\"elementor-element elementor-element-00df207 e-con-full e-flex e-con e-child\" data-id=\"00df207\" data-element_type=\"container\" data-e-type=\"container\" data-settings=\"{&quot;background_background&quot;:&quot;classic&quot;}\">\n\t\t\t\t<div class=\"elementor-element elementor-element-c497842 elementor-widget elementor-widget-heading\" data-id=\"c497842\" data-element_type=\"widget\" data-e-type=\"widget\" data-widget_type=\"heading.default\">\n\t\t\t\t<div class=\"elementor-widget-container\">\n\t\t\t\t\t<p class=\"elementor-heading-title elementor-size-default\">Posicions obertes<\/p>\t\t\t\t<\/div>\n\t\t\t\t<\/div>\n\t\t\t\t<div class=\"elementor-element elementor-element-2d3c302 elementor-widget-divider--view-line elementor-widget elementor-widget-divider\" data-id=\"2d3c302\" data-element_type=\"widget\" data-e-type=\"widget\" data-widget_type=\"divider.default\">\n\t\t\t\t<div class=\"elementor-widget-container\">\n\t\t\t\t\t\t\t<div class=\"elementor-divider\">\n\t\t\t<span class=\"elementor-divider-separator\">\n\t\t\t\t\t\t<\/span>\n\t\t<\/div>\n\t\t\t\t\t\t<\/div>\n\t\t\t\t<\/div>\n\t\t\t\t<\/div>\n\t\t\t\t<div class=\"elementor-element elementor-element-31796ad elementor-widget elementor-widget-heading\" data-id=\"31796ad\" data-element_type=\"widget\" data-e-type=\"widget\" data-widget_type=\"heading.default\">\n\t\t\t\t<div class=\"elementor-widget-container\">\n\t\t\t\t\t<p class=\"elementor-heading-title elementor-size-default\">Aplica Ara:<\/p>\t\t\t\t<\/div>\n\t\t\t\t<\/div>\n\t\t\t\t<div class=\"elementor-element elementor-element-12620eb elementor-widget elementor-widget-text-editor\" data-id=\"12620eb\" data-element_type=\"widget\" data-e-type=\"widget\" data-settings=\"{&quot;_animation&quot;:&quot;none&quot;,&quot;_animation_mobile&quot;:&quot;none&quot;}\" data-widget_type=\"text-editor.default\">\n\t\t\t\t<div class=\"elementor-widget-container\">\n\t\t\t\t\t\t\t\t\t<p>Si el teu perfil s\u2019alinea amb els nostres requeriments, et convidem a enviar el teu CV.<br>Uneix-te a nosaltres en aquest viatge cap a l\u2019excel\u00b7l\u00e8ncia!<\/p>\t\t\t\t\t\t\t\t<\/div>\n\t\t\t\t<\/div>\n\t\t\t\t<div class=\"elementor-element elementor-element-f0ad081 elementor-button-align-end elementor-tablet-button-align-center elementor-widget elementor-widget-form\" data-id=\"f0ad081\" data-element_type=\"widget\" data-e-type=\"widget\" data-settings=\"{&quot;step_next_label&quot;:&quot;Seg\\u00fcent&quot;,&quot;step_previous_label&quot;:&quot;Anterior&quot;,&quot;button_width&quot;:&quot;100&quot;,&quot;step_type&quot;:&quot;number_text&quot;,&quot;step_icon_shape&quot;:&quot;circle&quot;}\" data-widget_type=\"form.default\">\n\t\t\t\t<div class=\"elementor-widget-container\">\n\t\t\t\t\t\t\t<form class=\"elementor-form\" method=\"post\" name=\"Formulario &quot;Trabaja con nosotros&quot;\" aria-label=\"Formulario &quot;Trabaja con nosotros&quot;\">\n\t\t\t<input type=\"hidden\" name=\"post_id\" value=\"2317\"\/>\n\t\t\t<input type=\"hidden\" name=\"form_id\" value=\"f0ad081\"\/>\n\t\t\t<input type=\"hidden\" name=\"referer_title\" value=\"Airmatic Madera\" \/>\n\n\t\t\t\n\t\t\t<div class=\"elementor-form-fields-wrapper elementor-labels-above\">\n\t\t\t\t\t\t\t\t<div class=\"elementor-field-type-text elementor-field-group elementor-column elementor-field-group-field_1c0cd55 elementor-col-50 elementor-field-required elementor-mark-required\">\n\t\t\t\t\t\t\t\t\t\t\t\t<label for=\"form-field-field_1c0cd55\" class=\"elementor-field-label\">\n\t\t\t\t\t\t\t\tNom i cognoms\t\t\t\t\t\t\t<\/label>\n\t\t\t\t\t\t\t\t\t\t\t\t\t\t<input size=\"1\" type=\"text\" name=\"form_fields[field_1c0cd55]\" id=\"form-field-field_1c0cd55\" class=\"elementor-field elementor-size-xs  elementor-field-textual\" required=\"required\">\n\t\t\t\t\t\t\t\t\t\t\t<\/div>\n\t\t\t\t\t\t\t\t<div class=\"elementor-field-type-tel elementor-field-group elementor-column elementor-field-group-field_1 elementor-col-50 elementor-field-required elementor-mark-required\">\n\t\t\t\t\t\t\t\t\t\t\t\t<label for=\"form-field-field_1\" class=\"elementor-field-label\">\n\t\t\t\t\t\t\t\tTel\u00e8fon\t\t\t\t\t\t\t<\/label>\n\t\t\t\t\t\t\t\t<input size=\"1\" type=\"tel\" name=\"form_fields[field_1]\" id=\"form-field-field_1\" class=\"elementor-field elementor-size-xs  elementor-field-textual\" required=\"required\" pattern=\"[0-9()#&amp;+*-=.]+\" title=\"Only numbers and phone characters (#, -, *, etc) are accepted.\">\n\n\t\t\t\t\t\t<\/div>\n\t\t\t\t\t\t\t\t<div class=\"elementor-field-type-email elementor-field-group elementor-column elementor-field-group-email elementor-col-100 elementor-field-required elementor-mark-required\">\n\t\t\t\t\t\t\t\t\t\t\t\t<label for=\"form-field-email\" class=\"elementor-field-label\">\n\t\t\t\t\t\t\t\tEmail\t\t\t\t\t\t\t<\/label>\n\t\t\t\t\t\t\t\t\t\t\t\t\t\t<input size=\"1\" type=\"email\" name=\"form_fields[email]\" id=\"form-field-email\" class=\"elementor-field elementor-size-xs  elementor-field-textual\" required=\"required\">\n\t\t\t\t\t\t\t\t\t\t\t<\/div>\n\t\t\t\t\t\t\t\t<div class=\"elementor-field-type-select elementor-field-group elementor-column elementor-field-group-field_141d16c elementor-col-100 elementor-field-required elementor-mark-required\">\n\t\t\t\t\t\t\t\t\t\t\t\t<label for=\"form-field-field_141d16c\" class=\"elementor-field-label\">\n\t\t\t\t\t\t\t\tQuina posici\u00f3 t'interessa?\t\t\t\t\t\t\t<\/label>\n\t\t\t\t\t\t\t\t<div class=\"elementor-field elementor-select-wrapper remove-before \">\n\t\t\t<div class=\"select-caret-down-wrapper\">\n\t\t\t\t<svg aria-hidden=\"true\" class=\"e-font-icon-svg e-eicon-caret-down\" viewBox=\"0 0 571.4 571.4\" xmlns=\"http:\/\/www.w3.org\/2000\/svg\"><path d=\"M571 393Q571 407 561 418L311 668Q300 679 286 679T261 668L11 418Q0 407 0 393T11 368 36 357H536Q550 357 561 368T571 393Z\"><\/path><\/svg>\t\t\t<\/div>\n\t\t\t<select name=\"form_fields[field_141d16c]\" id=\"form-field-field_141d16c\" class=\"elementor-field-textual elementor-size-xs\" required=\"required\">\n\t\t\t\t\t\t\t\t\t<option value=\"Oferta Departament Administraci\u00f3\">Oferta Departament Administraci\u00f3<\/option>\n\t\t\t\t\t\t\t\t\t<option value=\"Oferta Departament T\u00e8cnic\">Oferta Departament T\u00e8cnic<\/option>\n\t\t\t\t\t\t\t\t\t<option value=\"Oferta Departament Comercial\">Oferta Departament Comercial<\/option>\n\t\t\t\t\t\t\t<\/select>\n\t\t<\/div>\n\t\t\t\t\t\t<\/div>\n\t\t\t\t\t\t\t\t<div class=\"elementor-field-type-upload elementor-field-group elementor-column elementor-field-group-field_5f3d8c9 elementor-col-100\">\n\t\t\t\t\t\t\t\t\t\t\t\t<label for=\"form-field-field_5f3d8c9\" class=\"elementor-field-label\">\n\t\t\t\t\t\t\t\tAdjunta el teu CV\t\t\t\t\t\t\t<\/label>\n\t\t\t\t\t\t\t\t<input type=\"file\" name=\"form_fields[field_5f3d8c9]\" id=\"form-field-field_5f3d8c9\" class=\"elementor-field elementor-size-xs  elementor-upload-field\">\n\n\t\t\t\t\t\t<\/div>\n\t\t\t\t\t\t\t\t<div class=\"elementor-field-type-acceptance elementor-field-group elementor-column elementor-field-group-field_386bea8 elementor-col-100 elementor-field-required elementor-mark-required\">\n\t\t\t\t\t\t\t<div class=\"elementor-field-subgroup\">\n\t\t\t<span class=\"elementor-field-option\">\n\t\t\t\t<input type=\"checkbox\" name=\"form_fields[field_386bea8]\" id=\"form-field-field_386bea8\" class=\"elementor-field elementor-size-xs  elementor-acceptance-field\" required=\"required\">\n\t\t\t\t<label for=\"form-field-field_386bea8\">He llegit i accepto <b><a href=\"https:\/\/www.airmatic.es\/politica-de-privacidad\/\">Pol\u00edtica de Privadesa<\/a><\/b>\n<br><div class=\"rgpd-scroll\">\n\nD'acord amb el que disposa el Reglament General de Protecci\u00f3 de Dades (UE) 2016\/679 de 27 d'abril de 2016, de Protecci\u00f3 de Dades de Car\u00e0cter Personal, i la Llei Org\u00e0nica 3\/2018, de 5 de desembre, de Protecci\u00f3 de Dades Personals i garantia dels drets digitals, que adapta el Reglament a l'ordenament facilitat seran tractats per Airmatic, SA, amb domicili a Pol. Ind. Can Roqueta, Ca n\u2019Alzina, 112, 08202, Sabadell, Barcelona y NIF A-08462988.<br>\nMitjan\u00e7ant l'enviament de les vostres dades, atorgueu el vostre consentiment expr\u00e9s a Airmatic, SA, perqu\u00e8 tractem les vostres dades amb la finalitat d'atendre la vostra consulta i\/o mantenir la relaci\u00f3 professional, comercial i\/o contractual que, si escau, s'estableixi amb Airmatic, SA Podr\u00e0 exercir els vostres drets d'acc\u00e9s, rectificaci\u00f3, supressi\u00f3, oblit, de adre\u00e7a anteriorment citada. Si nom\u00e9s voleu donar-vos de baixa del servei de comunicacions comercials, podreu exercir el vostre dret fent clic a l'enlla\u00e7 de baixa incl\u00f2s en aquesta comunicaci\u00f3. \n\nD'acord amb la Llei 34\/2002, de Serveis de la Societat de la Informaci\u00f3 i de Comer\u00e7 Electr\u00f2nic, podreu oposar-vos, en qualsevol moment, al tractament de les vostres dades amb fins promocionals, notificant-nos-ho per escrit a l'adre\u00e7a postal anteriorment indicada o per correu electr\u00f2nic a l'adre\u00e7a <b><a href=\"mailto:rgpd@airmatic.es\">rgpd@airmatic.es<\/a><\/b> .<br>\nPodr\u00e0 consultar les nostres Pol\u00edtiques de Privadesa i Protecci\u00f3 de Dades al seg\u00fcent enlla\u00e7 de la nostra web:\n<b><a href=\"https:\/\/www.airmatic.es\/politica-de-privacidad\/\">https:\/\/www.airmatic.es\/politica-de-privacidad\/<\/a><\/b>\n\n<\/div><\/label>\t\t\t<\/span>\n\t\t<\/div>\n\t\t\t\t\t\t<\/div>\n\t\t\t\t\t\t\t\t<div class=\"elementor-field-group elementor-column elementor-field-type-submit elementor-col-100 e-form__buttons\">\n\t\t\t\t\t<button class=\"elementor-button elementor-size-md\" type=\"submit\">\n\t\t\t\t\t\t<span class=\"elementor-button-content-wrapper\">\n\t\t\t\t\t\t\t\t\t\t\t\t\t\t\t<span class=\"elementor-button-icon\">\n\t\t\t\t\t\t\t\t\t<svg aria-hidden=\"true\" class=\"e-font-icon-svg e-fas-envelope\" viewBox=\"0 0 512 512\" xmlns=\"http:\/\/www.w3.org\/2000\/svg\"><path d=\"M502.3 190.8c3.9-3.1 9.7-.2 9.7 4.7V400c0 26.5-21.5 48-48 48H48c-26.5 0-48-21.5-48-48V195.6c0-5 5.7-7.8 9.7-4.7 22.4 17.4 52.1 39.5 154.1 113.6 21.1 15.4 56.7 47.8 92.2 47.6 35.7.3 72-32.8 92.3-47.6 102-74.1 131.6-96.3 154-113.7zM256 320c23.2.4 56.6-29.2 73.4-41.4 132.7-96.3 142.8-104.7 173.4-128.7 5.8-4.5 9.2-11.5 9.2-18.9v-19c0-26.5-21.5-48-48-48H48C21.5 64 0 85.5 0 112v19c0 7.4 3.4 14.3 9.2 18.9 30.6 23.9 40.7 32.4 173.4 128.7 16.8 12.2 50.2 41.8 73.4 41.4z\"><\/path><\/svg>\t\t\t\t\t\t\t\t\t\t\t\t\t\t\t\t\t<\/span>\n\t\t\t\t\t\t\t\t\t\t\t\t\t\t\t\t\t\t\t\t\t\t<span class=\"elementor-button-text\">ENVIAR<\/span>\n\t\t\t\t\t\t\t\t\t\t\t\t\t<\/span>\n\t\t\t\t\t<\/button>\n\t\t\t\t<\/div>\n\t\t\t<\/div>\n\t\t<\/form>\n\t\t\t\t\t\t<\/div>\n\t\t\t\t<\/div>\n\t\t\t\t\t<\/div>\n\t\t\t\t<\/div>\n\t\t\t\t<\/div>\n\t\t","protected":false},"excerpt":{"rendered":"<p>Treballa amb nosaltres Qu\u00e8 Busquem? En Airmatic, busquem persones amb passi\u00f3 i capacitat d\u2019aprenentatge i adaptaci\u00f3, capaces d\u2019evolucionar en un entorn canviant. Si tens una orientaci\u00f3 al client i vols superar expectatives, ets el candidat ideal per al nostre equip. Qu\u00e8 oferim? Proporcionem un entorn de treball din\u00e0mic i col\u00b7laboratiu que prioritza el respecte i [&hellip;]<\/p>\n","protected":false},"author":1,"featured_media":0,"parent":0,"menu_order":0,"comment_status":"closed","ping_status":"closed","template":"elementor_header_footer","meta":{"footnotes":""},"class_list":["post-2317","page","type-page","status-publish","hentry"],"yoast_head":"<!-- This site is optimized with the Yoast SEO plugin v27.4 - https:\/\/yoast.com\/product\/yoast-seo-wordpress\/ -->\n<title>Treballa amb nosaltres - Airmatic Madera<\/title>\n<meta name=\"robots\" content=\"noindex, nofollow\" \/>\n<meta property=\"og:locale\" content=\"ca_ES\" \/>\n<meta property=\"og:type\" content=\"article\" \/>\n<meta property=\"og:title\" content=\"Treballa amb nosaltres - Airmatic Madera\" \/>\n<meta property=\"og:description\" content=\"Treballa amb nosaltres Qu\u00e8 Busquem? En Airmatic, busquem persones amb passi\u00f3 i capacitat d\u2019aprenentatge i adaptaci\u00f3, capaces d\u2019evolucionar en un entorn canviant. Si tens una orientaci\u00f3 al client i vols superar expectatives, ets el candidat ideal per al nostre equip. Qu\u00e8 oferim? Proporcionem un entorn de treball din\u00e0mic i col\u00b7laboratiu que prioritza el respecte i [&hellip;]\" \/>\n<meta property=\"og:url\" content=\"https:\/\/madera.airmatic.es\/ca\/treballa-amb-nosaltres\/\" \/>\n<meta property=\"og:site_name\" content=\"Airmatic Madera\" \/>\n<meta property=\"article:modified_time\" content=\"2026-03-04T08:21:49+00:00\" \/>\n<meta name=\"twitter:card\" content=\"summary_large_image\" \/>\n<meta name=\"twitter:label1\" content=\"Temps estimat de lectura\" \/>\n\t<meta name=\"twitter:data1\" content=\"1 minut\" \/>\n<script type=\"application\/ld+json\" class=\"yoast-schema-graph\">{\"@context\":\"https:\\\/\\\/schema.org\",\"@graph\":[{\"@type\":\"WebPage\",\"@id\":\"https:\\\/\\\/madera.airmatic.es\\\/ca\\\/treballa-amb-nosaltres\\\/\",\"url\":\"https:\\\/\\\/madera.airmatic.es\\\/ca\\\/treballa-amb-nosaltres\\\/\",\"name\":\"Treballa amb nosaltres - Airmatic Madera\",\"isPartOf\":{\"@id\":\"https:\\\/\\\/madera.airmatic.es\\\/ca\\\/#website\"},\"datePublished\":\"2023-10-05T07:48:10+00:00\",\"dateModified\":\"2026-03-04T08:21:49+00:00\",\"breadcrumb\":{\"@id\":\"https:\\\/\\\/madera.airmatic.es\\\/ca\\\/treballa-amb-nosaltres\\\/#breadcrumb\"},\"inLanguage\":\"ca\",\"potentialAction\":[{\"@type\":\"ReadAction\",\"target\":[\"https:\\\/\\\/madera.airmatic.es\\\/ca\\\/treballa-amb-nosaltres\\\/\"]}]},{\"@type\":\"BreadcrumbList\",\"@id\":\"https:\\\/\\\/madera.airmatic.es\\\/ca\\\/treballa-amb-nosaltres\\\/#breadcrumb\",\"itemListElement\":[{\"@type\":\"ListItem\",\"position\":1,\"name\":\"Portada\",\"item\":\"https:\\\/\\\/madera.airmatic.es\\\/ca\\\/inici\\\/\"},{\"@type\":\"ListItem\",\"position\":2,\"name\":\"Treballa amb nosaltres\"}]},{\"@type\":\"WebSite\",\"@id\":\"https:\\\/\\\/madera.airmatic.es\\\/ca\\\/#website\",\"url\":\"https:\\\/\\\/madera.airmatic.es\\\/ca\\\/\",\"name\":\"Airmatic Madera\",\"description\":\"M\u00e0quinaria y software per a la fusta\",\"publisher\":{\"@id\":\"https:\\\/\\\/madera.airmatic.es\\\/ca\\\/#organization\"},\"potentialAction\":[{\"@type\":\"SearchAction\",\"target\":{\"@type\":\"EntryPoint\",\"urlTemplate\":\"https:\\\/\\\/madera.airmatic.es\\\/ca\\\/?s={search_term_string}\"},\"query-input\":{\"@type\":\"PropertyValueSpecification\",\"valueRequired\":true,\"valueName\":\"search_term_string\"}}],\"inLanguage\":\"ca\"},{\"@type\":\"Organization\",\"@id\":\"https:\\\/\\\/madera.airmatic.es\\\/ca\\\/#organization\",\"name\":\"Airmatic Madera\",\"url\":\"https:\\\/\\\/madera.airmatic.es\\\/ca\\\/\",\"logo\":{\"@type\":\"ImageObject\",\"inLanguage\":\"ca\",\"@id\":\"https:\\\/\\\/madera.airmatic.es\\\/ca\\\/#\\\/schema\\\/logo\\\/image\\\/\",\"url\":\"https:\\\/\\\/madera.airmatic.es\\\/wp-content\\\/uploads\\\/2023\\\/10\\\/Logotip-Airmatic.png\",\"contentUrl\":\"https:\\\/\\\/madera.airmatic.es\\\/wp-content\\\/uploads\\\/2023\\\/10\\\/Logotip-Airmatic.png\",\"width\":2953,\"height\":932,\"caption\":\"Airmatic Madera\"},\"image\":{\"@id\":\"https:\\\/\\\/madera.airmatic.es\\\/ca\\\/#\\\/schema\\\/logo\\\/image\\\/\"}}]}<\/script>\n<!-- \/ Yoast SEO plugin. -->","yoast_head_json":{"title":"Treballa amb nosaltres - Airmatic Madera","robots":{"index":"noindex","follow":"nofollow"},"og_locale":"ca_ES","og_type":"article","og_title":"Treballa amb nosaltres - Airmatic Madera","og_description":"Treballa amb nosaltres Qu\u00e8 Busquem? En Airmatic, busquem persones amb passi\u00f3 i capacitat d\u2019aprenentatge i adaptaci\u00f3, capaces d\u2019evolucionar en un entorn canviant. Si tens una orientaci\u00f3 al client i vols superar expectatives, ets el candidat ideal per al nostre equip. Qu\u00e8 oferim? Proporcionem un entorn de treball din\u00e0mic i col\u00b7laboratiu que prioritza el respecte i [&hellip;]","og_url":"https:\/\/madera.airmatic.es\/ca\/treballa-amb-nosaltres\/","og_site_name":"Airmatic Madera","article_modified_time":"2026-03-04T08:21:49+00:00","twitter_card":"summary_large_image","twitter_misc":{"Temps estimat de lectura":"1 minut"},"schema":{"@context":"https:\/\/schema.org","@graph":[{"@type":"WebPage","@id":"https:\/\/madera.airmatic.es\/ca\/treballa-amb-nosaltres\/","url":"https:\/\/madera.airmatic.es\/ca\/treballa-amb-nosaltres\/","name":"Treballa amb nosaltres - Airmatic Madera","isPartOf":{"@id":"https:\/\/madera.airmatic.es\/ca\/#website"},"datePublished":"2023-10-05T07:48:10+00:00","dateModified":"2026-03-04T08:21:49+00:00","breadcrumb":{"@id":"https:\/\/madera.airmatic.es\/ca\/treballa-amb-nosaltres\/#breadcrumb"},"inLanguage":"ca","potentialAction":[{"@type":"ReadAction","target":["https:\/\/madera.airmatic.es\/ca\/treballa-amb-nosaltres\/"]}]},{"@type":"BreadcrumbList","@id":"https:\/\/madera.airmatic.es\/ca\/treballa-amb-nosaltres\/#breadcrumb","itemListElement":[{"@type":"ListItem","position":1,"name":"Portada","item":"https:\/\/madera.airmatic.es\/ca\/inici\/"},{"@type":"ListItem","position":2,"name":"Treballa amb nosaltres"}]},{"@type":"WebSite","@id":"https:\/\/madera.airmatic.es\/ca\/#website","url":"https:\/\/madera.airmatic.es\/ca\/","name":"Airmatic Madera","description":"M\u00e0quinaria y software per a la fusta","publisher":{"@id":"https:\/\/madera.airmatic.es\/ca\/#organization"},"potentialAction":[{"@type":"SearchAction","target":{"@type":"EntryPoint","urlTemplate":"https:\/\/madera.airmatic.es\/ca\/?s={search_term_string}"},"query-input":{"@type":"PropertyValueSpecification","valueRequired":true,"valueName":"search_term_string"}}],"inLanguage":"ca"},{"@type":"Organization","@id":"https:\/\/madera.airmatic.es\/ca\/#organization","name":"Airmatic Madera","url":"https:\/\/madera.airmatic.es\/ca\/","logo":{"@type":"ImageObject","inLanguage":"ca","@id":"https:\/\/madera.airmatic.es\/ca\/#\/schema\/logo\/image\/","url":"https:\/\/madera.airmatic.es\/wp-content\/uploads\/2023\/10\/Logotip-Airmatic.png","contentUrl":"https:\/\/madera.airmatic.es\/wp-content\/uploads\/2023\/10\/Logotip-Airmatic.png","width":2953,"height":932,"caption":"Airmatic Madera"},"image":{"@id":"https:\/\/madera.airmatic.es\/ca\/#\/schema\/logo\/image\/"}}]}},"_links":{"self":[{"href":"https:\/\/madera.airmatic.es\/ca\/wp-json\/wp\/v2\/pages\/2317","targetHints":{"allow":["GET"]}}],"collection":[{"href":"https:\/\/madera.airmatic.es\/ca\/wp-json\/wp\/v2\/pages"}],"about":[{"href":"https:\/\/madera.airmatic.es\/ca\/wp-json\/wp\/v2\/types\/page"}],"author":[{"embeddable":true,"href":"https:\/\/madera.airmatic.es\/ca\/wp-json\/wp\/v2\/users\/1"}],"replies":[{"embeddable":true,"href":"https:\/\/madera.airmatic.es\/ca\/wp-json\/wp\/v2\/comments?post=2317"}],"version-history":[{"count":8,"href":"https:\/\/madera.airmatic.es\/ca\/wp-json\/wp\/v2\/pages\/2317\/revisions"}],"predecessor-version":[{"id":12103,"href":"https:\/\/madera.airmatic.es\/ca\/wp-json\/wp\/v2\/pages\/2317\/revisions\/12103"}],"wp:attachment":[{"href":"https:\/\/madera.airmatic.es\/ca\/wp-json\/wp\/v2\/media?parent=2317"}],"curies":[{"name":"wp","href":"https:\/\/api.w.org\/{rel}","templated":true}]}}